{"id":176,"date":"2022-10-11T15:06:00","date_gmt":"2022-10-11T15:06:00","guid":{"rendered":"https:\/\/vdlaviation.com\/?page_id=176"},"modified":"2022-10-21T12:56:00","modified_gmt":"2022-10-21T12:56:00","slug":"lpc-check","status":"publish","type":"page","link":"https:\/\/vdlaviation.com\/pl\/lpc-check\/","title":{"rendered":"Przygotowanie do LPC"},"content":{"rendered":"<p>Test umiej\u0119tno\u015bci VDL Aviation potwierdza, czy pe\u0142ni\u0105c funkcj\u0119 pilota dow\u00f3dcy (PIC) potrafisz sprawnie wykonywa\u0107 procedury i manewry, kt\u00f3rych nauczy\u0142e\u015b si\u0119 podczas szkolenia. Test umiej\u0119tno\u015bci przeprowadzany jest z egzaminatorem, kt\u00f3ry okre\u015bli ostateczny wynik.<\/p>\n<p>If your rating is about to get expired, secure yourself with a Licence Proficiency Check (LPC) now for a special price! This could be done in three months before your rating expires. Ensure that you revalidate your rating and stay current and attractive for the new airline job. We can also provide you with ATP to unlock your frozen ATPL.<\/p>","protected":false},"excerpt":{"rendered":"<p>VDL Aviation skill test validates whether \u2013 as you act as the Pilot In Command (PIC) \u2013 you can proficiently carry out the procedures and manoeuvres you have been taught during your training course. The skills test is taken with the examiner who will determine the final outcome. If your rating is about to get &hellip; <a href=\"https:\/\/vdlaviation.com\/pl\/lpc-check\/\" class=\"more-link\">Continue reading<span class=\"screen-reader-text\"> &#8220;LPC Check&#8221;<\/span><\/a><\/p>","protected":false},"author":1,"featured_media":0,"parent":0,"menu_order":0,"comment_status":"closed","ping_status":"closed","template":"mcc.php","meta":{"_acf_changed":false,"footnotes":""},"class_list":["post-176","page","type-page","status-publish","hentry"],"acf":[],"_links":{"self":[{"href":"https:\/\/vdlaviation.com\/pl\/wp-json\/wp\/v2\/pages\/176","targetHints":{"allow":["GET"]}}],"collection":[{"href":"https:\/\/vdlaviation.com\/pl\/wp-json\/wp\/v2\/pages"}],"about":[{"href":"https:\/\/vdlaviation.com\/pl\/wp-json\/wp\/v2\/types\/page"}],"author":[{"embeddable":true,"href":"https:\/\/vdlaviation.com\/pl\/wp-json\/wp\/v2\/users\/1"}],"replies":[{"embeddable":true,"href":"https:\/\/vdlaviation.com\/pl\/wp-json\/wp\/v2\/comments?post=176"}],"version-history":[{"count":7,"href":"https:\/\/vdlaviation.com\/pl\/wp-json\/wp\/v2\/pages\/176\/revisions"}],"predecessor-version":[{"id":216,"href":"https:\/\/vdlaviation.com\/pl\/wp-json\/wp\/v2\/pages\/176\/revisions\/216"}],"wp:attachment":[{"href":"https:\/\/vdlaviation.com\/pl\/wp-json\/wp\/v2\/media?parent=176"}],"curies":[{"name":"wp","href":"https:\/\/api.w.org\/{rel}","templated":true}]}}