{"id":183,"date":"2022-10-11T15:09:54","date_gmt":"2022-10-11T15:09:54","guid":{"rendered":"https:\/\/vdlaviation.com\/?page_id=183"},"modified":"2022-12-23T19:52:05","modified_gmt":"2022-12-23T19:52:05","slug":"mcc-joc-course-combined","status":"publish","type":"page","link":"https:\/\/vdlaviation.com\/pl\/mcc-joc-course-combined\/","title":{"rendered":"Szkolenie \u0142\u0105czone MCC\/JOC"},"content":{"rendered":"<h4>MCC \/JOC<\/h4>\n<p>Kurs ten pozwala studentowi na realistyczne szkolenie w obs\u0142udze wielosilnikowego samolotu wielosilnikowego. Celem jest efektywne usprawnienie krytycznego my\u015blenia, poprawa komunikacji, przydzia\u0142u zada\u0144 i wykorzystania stosowania list kontrolnych, wzajemna wsp\u00f3\u0142praca, synergia i wsparcie we wszystkich fazach lotu w warunkach normalnych, nienormalnych i awaryjnych. Szkolenie podkre\u015bla rozw\u00f3j umiej\u0119tno\u015bci pozatechnicznych, kt\u00f3re nale\u017cy stosowa\u0107 podczas pracy w za\u0142odze wieloosobowej. Po\u0142\u0105czony kurs MCC \/ JOC zapewnia maksymalne przygotowanie do kariery pilota<\/p>","protected":false},"excerpt":{"rendered":"<p>MCC \/JOC This course exposes the student to realistic training in operating a multi-pilot, multi-engine aircraft. The aim is to effectively enhance critical thinking, improve communication, allocation of tasks and use of checklists application, mutual cooperation, synergy and support during all the phases of the flight under normal, abnormal and emergency conditions. The training highlights &hellip; <a href=\"https:\/\/vdlaviation.com\/pl\/mcc-joc-course-combined\/\" class=\"more-link\">Continue reading<span class=\"screen-reader-text\"> &#8220;MCC \/ JOC Course Combined&#8221;<\/span><\/a><\/p>","protected":false},"author":1,"featured_media":0,"parent":0,"menu_order":0,"comment_status":"closed","ping_status":"closed","template":"mcc.php","meta":{"_acf_changed":false,"footnotes":""},"class_list":["post-183","page","type-page","status-publish","hentry"],"acf":[],"_links":{"self":[{"href":"https:\/\/vdlaviation.com\/pl\/wp-json\/wp\/v2\/pages\/183","targetHints":{"allow":["GET"]}}],"collection":[{"href":"https:\/\/vdlaviation.com\/pl\/wp-json\/wp\/v2\/pages"}],"about":[{"href":"https:\/\/vdlaviation.com\/pl\/wp-json\/wp\/v2\/types\/page"}],"author":[{"embeddable":true,"href":"https:\/\/vdlaviation.com\/pl\/wp-json\/wp\/v2\/users\/1"}],"replies":[{"embeddable":true,"href":"https:\/\/vdlaviation.com\/pl\/wp-json\/wp\/v2\/comments?post=183"}],"version-history":[{"count":7,"href":"https:\/\/vdlaviation.com\/pl\/wp-json\/wp\/v2\/pages\/183\/revisions"}],"predecessor-version":[{"id":262,"href":"https:\/\/vdlaviation.com\/pl\/wp-json\/wp\/v2\/pages\/183\/revisions\/262"}],"wp:attachment":[{"href":"https:\/\/vdlaviation.com\/pl\/wp-json\/wp\/v2\/media?parent=183"}],"curies":[{"name":"wp","href":"https:\/\/api.w.org\/{rel}","templated":true}]}}