{"id":30,"date":"2022-10-06T17:26:48","date_gmt":"2022-10-06T17:26:48","guid":{"rendered":"https:\/\/vdlaviation.com\/?page_id=30"},"modified":"2024-01-13T09:26:36","modified_gmt":"2024-01-13T09:26:36","slug":"all-courses","status":"publish","type":"page","link":"https:\/\/vdlaviation.com\/pl\/all-courses\/","title":{"rendered":"SZKOLENIE DLA PILOT\u00d3W"},"content":{"rendered":"<p>Staramy si\u0119 ulepsza\u0107 modu\u0142y szkolenia pilot\u00f3w poprzez umo\u017cliwienie \u015bwie\u017co upieczonym pilotom standardowych procedur operacyjnych linii lotniczych, gdy rozpoczynaj\u0105 oni u nas szkolenie. D\u0105\u017cymy do stosowania elastycznych i skutecznych metod kszta\u0142cenia pocz\u0105tkuj\u0105cych pilot\u00f3w. Nasza interakcja z liniami lotniczymi opiera si\u0119 na wst\u0119pnym szkoleniu pilot\u00f3w z wykorzystaniem ulepszonych pakiet\u00f3w szkoleniowych, takich jak kurs koordynacji wieloosobowej (MCC) i standardy pilot\u00f3w linii lotniczych (APS). Kursy te sk\u0142adaj\u0105 si\u0119 z pe\u0142nych sesji JOC, MCC, zaj\u0119\u0107 teoretycznych i LOFT, a tak\u017ce z ci\u0105g\u0142ych kontroli i kurs\u00f3w SIP.<\/p>","protected":false},"excerpt":{"rendered":"<p>We strive to enhance pilot training modules by empowering newly graduated pilots with airline standard operating procedures when they start training with us. We aim to apply flexible and effective methods of educating aspiring pilots. Our interaction with airlines is based on initial pilot training by leveraging enhanced training packages such as the Multi-Crew Coordination &hellip; <a href=\"https:\/\/vdlaviation.com\/pl\/all-courses\/\" class=\"more-link\">Continue reading<span class=\"screen-reader-text\"> &#8220;TRAINING FOR PILOTS&#8221;<\/span><\/a><\/p>","protected":false},"author":1,"featured_media":0,"parent":0,"menu_order":0,"comment_status":"closed","ping_status":"closed","template":"courses.php","meta":{"_acf_changed":false,"footnotes":""},"class_list":["post-30","page","type-page","status-publish","hentry"],"acf":[],"_links":{"self":[{"href":"https:\/\/vdlaviation.com\/pl\/wp-json\/wp\/v2\/pages\/30","targetHints":{"allow":["GET"]}}],"collection":[{"href":"https:\/\/vdlaviation.com\/pl\/wp-json\/wp\/v2\/pages"}],"about":[{"href":"https:\/\/vdlaviation.com\/pl\/wp-json\/wp\/v2\/types\/page"}],"author":[{"embeddable":true,"href":"https:\/\/vdlaviation.com\/pl\/wp-json\/wp\/v2\/users\/1"}],"replies":[{"embeddable":true,"href":"https:\/\/vdlaviation.com\/pl\/wp-json\/wp\/v2\/comments?post=30"}],"version-history":[{"count":39,"href":"https:\/\/vdlaviation.com\/pl\/wp-json\/wp\/v2\/pages\/30\/revisions"}],"predecessor-version":[{"id":304,"href":"https:\/\/vdlaviation.com\/pl\/wp-json\/wp\/v2\/pages\/30\/revisions\/304"}],"wp:attachment":[{"href":"https:\/\/vdlaviation.com\/pl\/wp-json\/wp\/v2\/media?parent=30"}],"curies":[{"name":"wp","href":"https:\/\/api.w.org\/{rel}","templated":true}]}}